{"id":8938,"date":"2023-09-14T12:35:41","date_gmt":"2023-09-14T10:35:41","guid":{"rendered":"https:\/\/salonsauvignon.eu\/events\/"},"modified":"2023-09-14T18:20:07","modified_gmt":"2023-09-14T16:20:07","slug":"events","status":"publish","type":"page","link":"https:\/\/salonsauvignon.eu\/eng\/events\/","title":{"rendered":"EVENTS"},"content":{"rendered":"<div class=\"emagic\">\n            <input type=\"hidden\" id=\"ep-events-style\" value=\"staggered_grid\"\/>\n    <div class=\"ep-events-container ep-box-wrap ep-staggered_grid-view\" id=\"ep-events-container\">\n                \n        \n        <div id=\"ep-events-content-container\" class=\"ep-mt-4\">                <div class=\"ep-events ep-box-row ep-event-list-staggered_grid-container  ep_events_front_views_staggered_grid_859\" id=\"ep_events_front_views_staggered_grid\" data-section_id=\"859\">\n                    \n    <div class=\"ep-event-card ep-mb-4 ep-card-col-12\">\n        <div class=\"ep-box-card-item ep-border ep-rounded ep-overflow-hidden ep-bg-white ep-bg-opacity-6\">\n            <div class=\"ep-box-card-thumb ep-overflow-hidden ep-position-relative\">\n                                    <a href=\"https:\/\/salonsauvignon.eu\/eng\/dogodek\/promenada-okusov-in-mojstrice-veganske-kulinarike-2\/\"  class=\"ep-img-link\">\n                        <img fetchpriority=\"high\" decoding=\"async\" width=\"800\" height=\"451\" src=\"https:\/\/salonsauvignon.eu\/wp-content\/uploads\/2024\/11\/FB-1-1024x577.png\" class=\"img-fluid ep-rounded-1 ep-box-w-100 ep-event-cover wp-post-image\" alt=\"\" srcset=\"https:\/\/salonsauvignon.eu\/wp-content\/uploads\/2024\/11\/FB-1-1024x577.png 1024w, https:\/\/salonsauvignon.eu\/wp-content\/uploads\/2024\/11\/FB-1-600x338.png 600w, https:\/\/salonsauvignon.eu\/wp-content\/uploads\/2024\/11\/FB-1-300x169.png 300w, https:\/\/salonsauvignon.eu\/wp-content\/uploads\/2024\/11\/FB-1-768x433.png 768w, https:\/\/salonsauvignon.eu\/wp-content\/uploads\/2024\/11\/FB-1-1536x865.png 1536w, https:\/\/salonsauvignon.eu\/wp-content\/uploads\/2024\/11\/FB-1-18x10.png 18w, https:\/\/salonsauvignon.eu\/wp-content\/uploads\/2024\/11\/FB-1.png 1640w\" sizes=\"(max-width: 800px) 100vw, 800px\">                    <\/a>                <div class=\"ep-box-card-icon-group ep-position-absolute ep-bg-white ep-rounded-top ep-d-inline-flex\">\n                    <!--wishlist-->\n                                    <div class=\"ep-wishlist-action-wrap\">\n                    <div class=\"ep-event-action ep_event_wishlist_action ep-px-2\" id=\"ep_event_wishlist_action_10423\" data-event_id=\"10423\" title=\"Dodajte na seznam \u017eelja\">\n                        <span class=\"material-icons-outlined ep-handle-fav ep-cursor ep-button-text-color ep-fs-6\">favorite_border<\/span>\n                    <\/div>\n                <\/div>                    <!--social sharing-->\n                                        \n                                    <\/div>\n            <\/div>\n            \n            \n            <div class=\"ep-box-card-content ep-text-small ep-p-3\">\n                <!-- Event Title -->\n                <div class=\"ep-box-title ep-box-card-title ep-mb-2\">\n                    <a href=\"https:\/\/salonsauvignon.eu\/eng\/dogodek\/promenada-okusov-in-mojstrice-veganske-kulinarike-2\/\"  class=\"ep-fw-bold ep-fs-6 ep-my-3 ep-text-dark\">\n                        PROMENADA OKUSOV IN MOJSTRICE VEGANSKE KULINARIKE                    <\/a>\n                <\/div>                    <div class=\"ep-event-details ep-d-flex ep-justify-content-between ep-mb-2\">\n                        <div class=\"ep-card-event-date ep-d-flex ep-text-muted\">\n                            <div class=\"ep-card-event-date-wrap ep-d-flex ep-fw-bold\">\n                                                                    <span class=\"ep-card-event-date-start ep-text-primary\">\n                                        Fri, 29 Nov 16:00                                    <\/span>                            <\/div>\n                        <\/div>\n                    <\/div>                <!-- Event Description -->\n                <div class=\"ep-box-card-desc-masonry ep-box-card-desc ep-text-small ep-mb-2\">\n                    PROMENADA OKUSOV IN MOJSTRICE VEGANSKE KULINARIKE \/\/ V PETEK 29. NOVEMBRA MED 16.00 IN 20.00 URO V PRODAJNEM SALONU ROGASKA 1665 V LJUBLJANI \/\/ Ve\u010der posve\u010damo veganski kulinariki. V eni najlep\u0161ih ljubljanskih prodajaln, v prodajnem salonu Rogaska 1665 na Mestnem trgu 22, se bomo dru\u017eili s kuharskima mojstricama Vito VYBIHAL \/\/ TAV\u010cI KUHNA \/\/ https:\/\/www.facebook.com\/p\/Tavci-Kuhna-100028103306507\/ in Jerico Klinar \/\/ RESTAVRACIJA TRIANGEL https:\/\/www.facebook.com\/triangelboutiquehotel . Ker je tokratna Promenada okusov v jesenskem, predprazni\u010dnem \u010dasu, sta se Jerica in Vita odlo\u010dili kulinari\u010dni troj\u010dek oble\u010di v jesenske barve in okuse. Tako bodo na\u0161 ve\u010der popestrili topli sezonski okusi fi\u017eola in le\u010de, pastinaka in gob,&hellip;                <\/div>\n\n                <!-- Hook after event description -->\n                                \n                <!-- Event Price -->\n                                    <div class=\"ep-event-list-price ep-my-2 ep-text-dark ep-align-items-center ep-d-flex\">\n                        <span class=\"material-icons-outlined ep-align-middle ep-fs-5 ep-mr-1\">confirmation_number<\/span>                                <span class=\"ep-fw-bold ep-lh-0 ep-ml-1\"> Free                                <\/span>                    <\/div>\n                <!-- Booking Status -->\n                                <div class=\"ep-text-small ep-event-booking-status ep-text-dark ep-d-flex ep-align-items-center ep-mt-2 ep-mb-3\">                <\/div>            <\/div>\n            \n            \n            <div class=\"ep-text-center ep-card-footer ep-border-top\">\n                \t\t\t\t<a href=\"https:\/\/salonsauvignon.eu\/eng\/dogodek\/promenada-okusov-in-mojstrice-veganske-kulinarike-2\/\" >\n\t\t\t\t\t<div class=\"ep-btn ep-btn-dark ep-box-w-100 ep-my-0 ep-py-2\">\n\t\t\t\t\t\t<span class=\"ep-fw-bold ep-text-small\">\n\t\t\t\t\t\t    Poglejte podrobnosti\t\t\t\t\t\t<\/span>\n\t\t\t\t\t<\/div>\n\t\t\t\t<\/a>            <\/div>\n\n            \n        <\/div>\n    <\/div>\n    <div class=\"ep-event-card ep-mb-4 ep-card-col-12\">\n        <div class=\"ep-box-card-item ep-border ep-rounded ep-overflow-hidden ep-bg-white ep-bg-opacity-6\">\n            <div class=\"ep-box-card-thumb ep-overflow-hidden ep-position-relative\">\n                                    <a href=\"https:\/\/salonsauvignon.eu\/eng\/dogodek\/promenada-okusov-v-stari-ljubljani\/\"  class=\"ep-img-link\">\n                        <img decoding=\"async\" width=\"800\" height=\"419\" src=\"https:\/\/salonsauvignon.eu\/wp-content\/uploads\/2025\/02\/promenada_objava_fb-1200x628.jpg\" class=\"img-fluid ep-rounded-1 ep-box-w-100 ep-event-cover wp-post-image\" alt=\"\" srcset=\"https:\/\/salonsauvignon.eu\/wp-content\/uploads\/2025\/02\/promenada_objava_fb-1200x628.jpg 1200w, https:\/\/salonsauvignon.eu\/wp-content\/uploads\/2025\/02\/promenada_objava_fb-600x314.jpg 600w, https:\/\/salonsauvignon.eu\/wp-content\/uploads\/2025\/02\/promenada_objava_fb-300x157.jpg 300w, https:\/\/salonsauvignon.eu\/wp-content\/uploads\/2025\/02\/promenada_objava_fb-768x402.jpg 768w, https:\/\/salonsauvignon.eu\/wp-content\/uploads\/2025\/02\/promenada_objava_fb-1536x803.jpg 1536w, https:\/\/salonsauvignon.eu\/wp-content\/uploads\/2025\/02\/promenada_objava_fb-18x9.jpg 18w, https:\/\/salonsauvignon.eu\/wp-content\/uploads\/2025\/02\/promenada_objava_fb.jpg 1931w\" sizes=\"(max-width: 800px) 100vw, 800px\">                    <\/a>                <div class=\"ep-box-card-icon-group ep-position-absolute ep-bg-white ep-rounded-top ep-d-inline-flex\">\n                    <!--wishlist-->\n                                    <div class=\"ep-wishlist-action-wrap\">\n                    <div class=\"ep-event-action ep_event_wishlist_action ep-px-2\" id=\"ep_event_wishlist_action_10687\" data-event_id=\"10687\" title=\"Dodajte na seznam \u017eelja\">\n                        <span class=\"material-icons-outlined ep-handle-fav ep-cursor ep-button-text-color ep-fs-6\">favorite_border<\/span>\n                    <\/div>\n                <\/div>                    <!--social sharing-->\n                                        \n                                    <\/div>\n            <\/div>\n            \n            \n            <div class=\"ep-box-card-content ep-text-small ep-p-3\">\n                <!-- Event Title -->\n                <div class=\"ep-box-title ep-box-card-title ep-mb-2\">\n                    <a href=\"https:\/\/salonsauvignon.eu\/eng\/dogodek\/promenada-okusov-v-stari-ljubljani\/\"  class=\"ep-fw-bold ep-fs-6 ep-my-3 ep-text-dark\">\n                        PROMENADA OKUSOV V STARI LJUBLJANI                    <\/a>\n                <\/div>                    <div class=\"ep-event-details ep-d-flex ep-justify-content-between ep-mb-2\">\n                        <div class=\"ep-card-event-date ep-d-flex ep-text-muted\">\n                            <div class=\"ep-card-event-date-wrap ep-d-flex ep-fw-bold\">\n                                                                    <span class=\"ep-card-event-date-start ep-text-primary\">\n                                        Sat, 05 Apr 11:00                                    <\/span>                            <\/div>\n                        <\/div>\n                    <\/div>                <!-- Event Description -->\n                <div class=\"ep-box-card-desc-masonry ep-box-card-desc ep-text-small ep-mb-2\">\n                    PROMENADA OKUSOV V STARI LJUBLJANI \/\/ V SOBOTO, 5. APRILA 2025 MED 11:00 IN 18:00 URO \/\/ __________ Z vinskim kozarcem v roki razi\u0161\u010dite o\u010darljivo ljubljansko mestno jedro in pokusite najbolj\u0161e, kar daje kulinari\u010dna Slovenija. Osem izjemnih kuharskih mojstrov Stare Ljubljane in vsaj dvanajst kulinari\u010dnih kro\u017enikov, \u0161est vrhunskih vinarjev iz Slovenije in zamejstva in vsaj osemnajst vzorcev vina. Deseta Promenada okusov, tretja v Stari Ljubljani. &nbsp; Buti\u010dna enogastronomska zgodba slovenske prestolnice, ki je enostavno ne smete zamuditi! ___________ Promocijska cena kulinari\u010dnih kro\u017enikov se pri\u010dne \u017ee pri 10. evrih. Cena degustacije vseh Promenadnih vin na dan dogodka je 25 evrov, v&hellip;                <\/div>\n\n                <!-- Hook after event description -->\n                                \n                <!-- Event Price -->\n                                    <div class=\"ep-event-list-price ep-my-2 ep-text-dark ep-align-items-center ep-d-flex\">\n                        <span class=\"material-icons-outlined ep-align-middle ep-fs-5 ep-mr-1\">confirmation_number<\/span>                            <span class=\"ep-fw-bold ep-lh-0 ep-ml-1\"> 22.00 \u20ac                            <\/span>                    <\/div>\n                <!-- Booking Status -->\n                                <div class=\"ep-text-small ep-event-booking-status ep-text-dark ep-d-flex ep-align-items-center ep-mt-2 ep-mb-3\">                <\/div>            <\/div>\n            \n            \n            <div class=\"ep-text-center ep-card-footer ep-border-top\">\n                \t\t\t\t<a href=\"https:\/\/salonsauvignon.eu\/eng\/dogodek\/promenada-okusov-v-stari-ljubljani\/\" >\n\t\t\t\t\t<div class=\"ep-btn ep-btn-dark ep-box-w-100 ep-my-0 ep-py-2\">\n\t\t\t\t\t\t<span class=\"ep-fw-bold ep-text-small\">\n\t\t\t\t\t\t    Poglejte podrobnosti\t\t\t\t\t\t<\/span>\n\t\t\t\t\t<\/div>\n\t\t\t\t<\/a>            <\/div>\n\n            \n        <\/div>\n    <\/div>\n    <div class=\"ep-event-card ep-mb-4 ep-card-col-12\">\n        <div class=\"ep-box-card-item ep-border ep-rounded ep-overflow-hidden ep-bg-white ep-bg-opacity-6\">\n            <div class=\"ep-box-card-thumb ep-overflow-hidden ep-position-relative\">\n                                    <a href=\"https:\/\/salonsauvignon.eu\/eng\/dogodek\/salon-sauvignon-ptuj-2025\/\"  class=\"ep-img-link\">\n                        <img decoding=\"async\" width=\"800\" height=\"451\" src=\"https:\/\/salonsauvignon.eu\/wp-content\/uploads\/2025\/03\/SS25-FB-1200x676.png\" class=\"img-fluid ep-rounded-1 ep-box-w-100 ep-event-cover wp-post-image\" alt=\"\" srcset=\"https:\/\/salonsauvignon.eu\/wp-content\/uploads\/2025\/03\/SS25-FB-1200x676.png 1200w, https:\/\/salonsauvignon.eu\/wp-content\/uploads\/2025\/03\/SS25-FB-300x169.png 300w, https:\/\/salonsauvignon.eu\/wp-content\/uploads\/2025\/03\/SS25-FB-768x433.png 768w, https:\/\/salonsauvignon.eu\/wp-content\/uploads\/2025\/03\/SS25-FB-1536x865.png 1536w, https:\/\/salonsauvignon.eu\/wp-content\/uploads\/2025\/03\/SS25-FB-18x10.png 18w, https:\/\/salonsauvignon.eu\/wp-content\/uploads\/2025\/03\/SS25-FB-600x338.png 600w, https:\/\/salonsauvignon.eu\/wp-content\/uploads\/2025\/03\/SS25-FB.png 1640w\" sizes=\"(max-width: 800px) 100vw, 800px\">                    <\/a>                <div class=\"ep-box-card-icon-group ep-position-absolute ep-bg-white ep-rounded-top ep-d-inline-flex\">\n                    <!--wishlist-->\n                                    <div class=\"ep-wishlist-action-wrap\">\n                    <div class=\"ep-event-action ep_event_wishlist_action ep-px-2\" id=\"ep_event_wishlist_action_10750\" data-event_id=\"10750\" title=\"Dodajte na seznam \u017eelja\">\n                        <span class=\"material-icons-outlined ep-handle-fav ep-cursor ep-button-text-color ep-fs-6\">favorite_border<\/span>\n                    <\/div>\n                <\/div>                    <!--social sharing-->\n                                        \n                                    <\/div>\n            <\/div>\n            \n            \n            <div class=\"ep-box-card-content ep-text-small ep-p-3\">\n                <!-- Event Title -->\n                <div class=\"ep-box-title ep-box-card-title ep-mb-2\">\n                    <a href=\"https:\/\/salonsauvignon.eu\/eng\/dogodek\/salon-sauvignon-ptuj-2025\/\"  class=\"ep-fw-bold ep-fs-6 ep-my-3 ep-text-dark\">\n                        SALON SAUVIGNON PTUJ 2025                    <\/a>\n                <\/div>                    <div class=\"ep-event-details ep-d-flex ep-justify-content-between ep-mb-2\">\n                        <div class=\"ep-card-event-date ep-d-flex ep-text-muted\">\n                            <div class=\"ep-card-event-date-wrap ep-d-flex ep-fw-bold\">\n                                                                    <span class=\"ep-card-event-date-start ep-text-primary\">\n                                        Sat, 10 May 13:00                                    <\/span>                            <\/div>\n                        <\/div>\n                    <\/div>                <!-- Event Description -->\n                <div class=\"ep-box-card-desc-masonry ep-box-card-desc ep-text-small ep-mb-2\">\n                    &nbsp; SALON SAUVIGNON PTUJ 2025 \/\/ V SOBOTO, 10. MAJA 2025 \/\/ 13:00 \u2013 19:00 \/\/ DOMINIKANSKI SAMOSTAN PTUJ Enajsta edicija festivala. Najbolj\u0161i sauvignoni Slovenije in sveta. Izbrani cabernet sauvignoni. Vrhunska kulinarika. Master Class. Glasba. Likovna razstava. Pridru\u017eite se nam na nepozabnem do\u017eivetju med zidovi karizmati\u010dnega Dominikanskega samostana v slikovitem srednjeve\u0161kem mestu, obdanem z vinogradi. Cena vstopnice: 20 evrov v predprodaji in za ve\u010dje najavljene skupine na dan dogodka. 22 evrov na dan dogodka. &nbsp; Dodatne informacije: ars.vino18@gmail.com Generalna pokroviteljica festivala Salon Sauvignon je MESTNA OB\u010cINA PTUJ. Spremljajte, delite in lajkajte nas na: https:\/\/salonsauvignon.eu https:\/\/www.facebook.com\/salonsauvignon\/ https:\/\/www.instagram.com\/salonsauvignon_\/ \/\/\/ &nbsp; SALON SAUVIGNON&hellip;                <\/div>\n\n                <!-- Hook after event description -->\n                                \n                <!-- Event Price -->\n                                    <div class=\"ep-event-list-price ep-my-2 ep-text-dark ep-align-items-center ep-d-flex\">\n                        <span class=\"material-icons-outlined ep-align-middle ep-fs-5 ep-mr-1\">confirmation_number<\/span>                            <span class=\"ep-fw-bold ep-lh-0 ep-ml-1\"> 20.00 \u20ac                            <\/span>                    <\/div>\n                <!-- Booking Status -->\n                                <div class=\"ep-text-small ep-event-booking-status ep-text-dark ep-d-flex ep-align-items-center ep-mt-2 ep-mb-3\">                <\/div>            <\/div>\n            \n            \n            <div class=\"ep-text-center ep-card-footer ep-border-top\">\n                \t\t\t\t<a href=\"https:\/\/salonsauvignon.eu\/eng\/dogodek\/salon-sauvignon-ptuj-2025\/\" >\n\t\t\t\t\t<div class=\"ep-btn ep-btn-dark ep-box-w-100 ep-my-0 ep-py-2\">\n\t\t\t\t\t\t<span class=\"ep-fw-bold ep-text-small\">\n\t\t\t\t\t\t    Poglejte podrobnosti\t\t\t\t\t\t<\/span>\n\t\t\t\t\t<\/div>\n\t\t\t\t<\/a>            <\/div>\n\n            \n        <\/div>\n    <\/div>\n    <div class=\"ep-event-card ep-mb-4 ep-card-col-12\">\n        <div class=\"ep-box-card-item ep-border ep-rounded ep-overflow-hidden ep-bg-white ep-bg-opacity-6\">\n            <div class=\"ep-box-card-thumb ep-overflow-hidden ep-position-relative\">\n                                    <a href=\"https:\/\/salonsauvignon.eu\/eng\/dogodek\/promenada-okusov-v-stari-ljubljani-2025\/\"  class=\"ep-img-link\">\n                        <img loading=\"lazy\" decoding=\"async\" width=\"800\" height=\"451\" src=\"https:\/\/salonsauvignon.eu\/wp-content\/uploads\/2025\/09\/PROMENADA-OKT-25-1200x676.png\" class=\"img-fluid ep-rounded-1 ep-box-w-100 ep-event-cover wp-post-image\" alt=\"\" srcset=\"https:\/\/salonsauvignon.eu\/wp-content\/uploads\/2025\/09\/PROMENADA-OKT-25-1200x676.png 1200w, https:\/\/salonsauvignon.eu\/wp-content\/uploads\/2025\/09\/PROMENADA-OKT-25-300x169.png 300w, https:\/\/salonsauvignon.eu\/wp-content\/uploads\/2025\/09\/PROMENADA-OKT-25-768x433.png 768w, https:\/\/salonsauvignon.eu\/wp-content\/uploads\/2025\/09\/PROMENADA-OKT-25-1536x865.png 1536w, https:\/\/salonsauvignon.eu\/wp-content\/uploads\/2025\/09\/PROMENADA-OKT-25-18x10.png 18w, https:\/\/salonsauvignon.eu\/wp-content\/uploads\/2025\/09\/PROMENADA-OKT-25-600x338.png 600w, https:\/\/salonsauvignon.eu\/wp-content\/uploads\/2025\/09\/PROMENADA-OKT-25.png 1640w\" sizes=\"(max-width: 800px) 100vw, 800px\">                    <\/a>                <div class=\"ep-box-card-icon-group ep-position-absolute ep-bg-white ep-rounded-top ep-d-inline-flex\">\n                    <!--wishlist-->\n                                    <div class=\"ep-wishlist-action-wrap\">\n                    <div class=\"ep-event-action ep_event_wishlist_action ep-px-2\" id=\"ep_event_wishlist_action_11599\" data-event_id=\"11599\" title=\"Dodajte na seznam \u017eelja\">\n                        <span class=\"material-icons-outlined ep-handle-fav ep-cursor ep-button-text-color ep-fs-6\">favorite_border<\/span>\n                    <\/div>\n                <\/div>                    <!--social sharing-->\n                                        \n                                    <\/div>\n            <\/div>\n            \n            \n            <div class=\"ep-box-card-content ep-text-small ep-p-3\">\n                <!-- Event Title -->\n                <div class=\"ep-box-title ep-box-card-title ep-mb-2\">\n                    <a href=\"https:\/\/salonsauvignon.eu\/eng\/dogodek\/promenada-okusov-v-stari-ljubljani-2025\/\"  class=\"ep-fw-bold ep-fs-6 ep-my-3 ep-text-dark\">\n                        PROMENADA OKUSOV V STARI LJUBLJANI 2025                    <\/a>\n                <\/div>                    <div class=\"ep-event-details ep-d-flex ep-justify-content-between ep-mb-2\">\n                        <div class=\"ep-card-event-date ep-d-flex ep-text-muted\">\n                            <div class=\"ep-card-event-date-wrap ep-d-flex ep-fw-bold\">\n                                                                    <span class=\"ep-card-event-date-start ep-text-primary\">\n                                        Sat, 04 Oct 11:00                                    <\/span>                            <\/div>\n                        <\/div>\n                    <\/div>                <!-- Event Description -->\n                <div class=\"ep-box-card-desc-masonry ep-box-card-desc ep-text-small ep-mb-2\">\n                    &nbsp; PROMENADA OKUSOV V STARI LJUBLJANI \/\/ V SOBOTO, 4. OKTOBRA 2025, MED 11:00 IN 18:00 URO \/\/ Z vinskim kozarcem v roki razi\u0161\u010dite o\u010darljivo ljubljansko mestno jedro in pokusite najbolj\u0161e, kar daje kulinari\u010dna Slovenija. \u0160est izjemnih kuharskih mojstrov in vsaj \u0161est kulinari\u010dnih kro\u017enikov, \u0161est vrhunskih slovenskih vinarjev in vsaj osemnajst vzorcev vina. Buti\u010dna enogastronomska zgodba slovenske prestolnice, ki je enostavno ne smete zamuditi! ___________ Promocijska cena kulinari\u010dnih kro\u017enikov se pri\u010dne \u017ee pri 10. evrih. Cena degustacije vseh Promenadnih vin na dan dogodka je 25 evrov. Zagotovite si degustacijo vseh Promenadnih vin po izjemni predprodajni ceni 22 evrov. Karte rezervirajte&hellip;                <\/div>\n\n                <!-- Hook after event description -->\n                                \n                <!-- Event Price -->\n                                    <div class=\"ep-event-list-price ep-my-2 ep-text-dark ep-align-items-center ep-d-flex\">\n                        <span class=\"material-icons-outlined ep-align-middle ep-fs-5 ep-mr-1\">confirmation_number<\/span>                            <span class=\"ep-fw-bold ep-lh-0 ep-ml-1\"> Free                            <\/span>                    <\/div>\n                <!-- Booking Status -->\n                                <div class=\"ep-text-small ep-event-booking-status ep-text-dark ep-d-flex ep-align-items-center ep-mt-2 ep-mb-3\">                <\/div>            <\/div>\n            \n            \n            <div class=\"ep-text-center ep-card-footer ep-border-top\">\n                \t\t\t\t<a href=\"https:\/\/salonsauvignon.eu\/eng\/dogodek\/promenada-okusov-v-stari-ljubljani-2025\/\" >\n\t\t\t\t\t<div class=\"ep-btn ep-btn-dark ep-box-w-100 ep-my-0 ep-py-2\">\n\t\t\t\t\t\t<span class=\"ep-fw-bold ep-text-small\">\n\t\t\t\t\t\t    Poglejte podrobnosti\t\t\t\t\t\t<\/span>\n\t\t\t\t\t<\/div>\n\t\t\t\t<\/a>            <\/div>\n\n            \n        <\/div>\n    <\/div>\n                <\/div>            \n        <\/div>\n            <\/div>\n<\/div>","protected":false},"excerpt":{"rendered":"","protected":false},"author":5,"featured_media":0,"parent":0,"menu_order":0,"comment_status":"closed","ping_status":"closed","template":"","meta":{"footnotes":""},"class_list":["post-8938","page","type-page","status-publish","hentry"],"jetpack_sharing_enabled":true,"_links":{"self":[{"href":"https:\/\/salonsauvignon.eu\/eng\/wp-json\/wp\/v2\/pages\/8938","targetHints":{"allow":["GET"]}}],"collection":[{"href":"https:\/\/salonsauvignon.eu\/eng\/wp-json\/wp\/v2\/pages"}],"about":[{"href":"https:\/\/salonsauvignon.eu\/eng\/wp-json\/wp\/v2\/types\/page"}],"author":[{"embeddable":true,"href":"https:\/\/salonsauvignon.eu\/eng\/wp-json\/wp\/v2\/users\/5"}],"replies":[{"embeddable":true,"href":"https:\/\/salonsauvignon.eu\/eng\/wp-json\/wp\/v2\/comments?post=8938"}],"version-history":[{"count":1,"href":"https:\/\/salonsauvignon.eu\/eng\/wp-json\/wp\/v2\/pages\/8938\/revisions"}],"predecessor-version":[{"id":8953,"href":"https:\/\/salonsauvignon.eu\/eng\/wp-json\/wp\/v2\/pages\/8938\/revisions\/8953"}],"wp:attachment":[{"href":"https:\/\/salonsauvignon.eu\/eng\/wp-json\/wp\/v2\/media?parent=8938"}],"curies":[{"name":"wp","href":"https:\/\/api.w.org\/{rel}","templated":true}]}}