{"id":5632,"date":"2022-03-29T23:05:58","date_gmt":"2022-03-29T21:05:58","guid":{"rendered":"https:\/\/nova.salonsauvignon.eu\/?page_id=5632"},"modified":"2022-04-06T14:15:06","modified_gmt":"2022-04-06T12:15:06","slug":"kulinarika","status":"publish","type":"page","link":"https:\/\/salonsauvignon.eu\/hun\/kulinaris\/","title":{"rendered":"Kulin\u00e1ris"},"content":{"rendered":"<div data-elementor-type=\"wp-page\" data-elementor-id=\"5632\" class=\"elementor elementor-5632\">\n\t\t\t\t\t\t<section class=\"elementor-section elementor-top-section elementor-element elementor-element-ca0b1a6 elementor-section-boxed elementor-section-height-default elementor-section-height-default\" data-id=\"ca0b1a6\" data-element_type=\"section\" data-settings=\"{&quot;jet_parallax_layout_list&quot;:[],&quot;background_background&quot;:&quot;classic&quot;}\">\n\t\t\t\t\t\t\t<div class=\"elementor-background-overlay\"><\/div>\n\t\t\t\t\t\t\t<div class=\"elementor-container elementor-column-gap-default\">\n\t\t\t\t\t<div class=\"elementor-column elementor-col-100 elementor-top-column elementor-element elementor-element-19bc055\" data-id=\"19bc055\" data-element_type=\"column\">\n\t\t\t<div class=\"elementor-widget-wrap elementor-element-populated\">\n\t\t\t\t\t\t<div class=\"elementor-element elementor-element-0076c03 elementor-widget elementor-widget-heading\" data-id=\"0076c03\" data-element_type=\"widget\" data-widget_type=\"heading.default\">\n\t\t\t\t<div class=\"elementor-widget-container\">\n\t\t\t<h2 class=\"elementor-heading-title elementor-size-default\">Kulin\u00e1ris<\/h2>\t\t<\/div>\n\t\t\t\t<\/div>\n\t\t\t\t\t<\/div>\n\t\t<\/div>\n\t\t\t\t\t<\/div>\n\t\t<\/section>\n\t\t\t\t<section class=\"elementor-section elementor-top-section elementor-element elementor-element-b9eddb6 elementor-section-boxed elementor-section-height-default elementor-section-height-default\" data-id=\"b9eddb6\" data-element_type=\"section\" data-settings=\"{&quot;jet_parallax_layout_list&quot;:[]}\">\n\t\t\t\t\t\t<div class=\"elementor-container elementor-column-gap-default\">\n\t\t\t\t\t<div class=\"elementor-column elementor-col-100 elementor-top-column elementor-element elementor-element-04c92d6\" data-id=\"04c92d6\" data-element_type=\"column\">\n\t\t\t<div class=\"elementor-widget-wrap elementor-element-populated\">\n\t\t\t\t\t\t<div class=\"elementor-element elementor-element-fdb19a8 elementor-widget elementor-widget-text-editor\" data-id=\"fdb19a8\" data-element_type=\"widget\" data-widget_type=\"text-editor.default\">\n\t\t\t\t<div class=\"elementor-widget-container\">\n\t\t\t\t\t\t\t<p>A szombati nap f\u0151 esem\u00e9nyeit a Dominik\u00e1nus kolostor gy\u00f6ny\u00f6r\u0171 k\u00f6rnyezet\u00e9ben a finom sauvignonok, valamint a kolostor el\u0151tti Napos parkban a finom st\u00e1jer konyha modern csavarral emelik ki. Egy napra a dominikai komplexumot a kiv\u00e1l\u00f3 \u00e9lvezet k\u00f6rnyezet\u00e9v\u00e9 v\u00e1ltoztatjuk, azon az elven alapulva, hogy a bor kult\u00fara, \u00e9s csak a kiv\u00e1l\u00f3 \u00e9lvezethez sz\u00fcks\u00e9ges kiv\u00e1l\u00f3 k\u00f6rnyezet tartozik a kiv\u00e1l\u00f3 p\u00e9ld\u00e1nyokhoz. A bor \u00e9s az \u00e9telek mellett zene, k\u00e9pz\u0151m\u0171v\u00e9szet, mesterk\u00f3stol\u00f3k, el\u0151ad\u00e1sok az Aranysz\u0151l\u0151r\u0151l, \u00e9s mindenekel\u0151tt a Szalon kor\u00e1bbi kiad\u00e1sain\u00e1l megszokott nyugodt, bar\u00e1ts\u00e1gos l\u00e9gk\u00f6r v\u00e1rja a vend\u00e9geket.<\/p>\t\t\t\t\t\t<\/div>\n\t\t\t\t<\/div>\n\t\t\t\t\t<\/div>\n\t\t<\/div>\n\t\t\t\t\t<\/div>\n\t\t<\/section>\n\t\t\t\t<section class=\"elementor-section elementor-top-section elementor-element elementor-element-683b4653 elementor-section-boxed elementor-section-height-default elementor-section-height-default\" data-id=\"683b4653\" data-element_type=\"section\" data-settings=\"{&quot;jet_parallax_layout_list&quot;:[],&quot;background_background&quot;:&quot;classic&quot;}\">\n\t\t\t\t\t\t<div class=\"elementor-container elementor-column-gap-default\">\n\t\t\t\t\t<div class=\"elementor-column elementor-col-100 elementor-top-column elementor-element elementor-element-52c61428\" data-id=\"52c61428\" data-element_type=\"column\">\n\t\t\t<div class=\"elementor-widget-wrap elementor-element-populated\">\n\t\t\t\t\t\t<div class=\"elementor-element elementor-element-f7c7b05 elementor-widget elementor-widget-jet-carousel\" data-id=\"f7c7b05\" data-element_type=\"widget\" data-settings=\"{&quot;slides_to_show&quot;:&quot;3&quot;,&quot;slides_to_show_mobile&quot;:&quot;1&quot;,&quot;slides_to_scroll&quot;:&quot;1&quot;}\" data-widget_type=\"jet-carousel.default\">\n\t\t\t\t<div class=\"elementor-widget-container\">\n\t\t\t<div class=\"elementor-jet-carousel jet-elements\"><div class=\"jet-carousel-wrap\">\n\t<div class=\"jet-carousel\" data-slider_options=\"{&quot;autoplaySpeed&quot;:5000,&quot;autoplay&quot;:true,&quot;infinite&quot;:true,&quot;centerMode&quot;:false,&quot;centerPadding&quot;:&quot;50px&quot;,&quot;pauseOnHover&quot;:false,&quot;speed&quot;:500,&quot;arrows&quot;:true,&quot;dots&quot;:false,&quot;variableWidth&quot;:false,&quot;prevArrow&quot;:&quot;.jet-carousel__prev-arrow-f7c7b05&quot;,&quot;nextArrow&quot;:&quot;.jet-carousel__next-arrow-f7c7b05&quot;,&quot;rtl&quot;:false,&quot;fractionNav&quot;:false}\" dir=\"ltr\">\n\t<div class=\"elementor-slick-slider\">\n\n<div class=\"jet-carousel__item\">\n\t<div class=\"jet-carousel__item-inner\"><a href=\"#\" class=\"jet-carousel__item-link\" ><img decoding=\"async\" src=\"https:\/\/salonsauvignon.eu\/wp-content\/uploads\/2022\/03\/Amadeus-1.jpg\" class=\"jet-carousel__item-img\" alt=\"Amadeus-1\" loading=\"lazy\"><\/a><div class=\"jet-carousel__content\"><h5 class=\"jet-carousel__item-title\">Amadeus \u00e9tterem<\/h5><div class=\"jet-carousel__item-text\">Pre\u0161ernova ulica 36<br>\n2250 Ptuj<br><br>\n<\/div><\/div><\/div>\n<\/div>\n\n<div class=\"jet-carousel__item\">\n\t<div class=\"jet-carousel__item-inner\"><a href=\"#\" class=\"jet-carousel__item-link\" ><img decoding=\"async\" src=\"https:\/\/salonsauvignon.eu\/wp-content\/uploads\/2022\/03\/grabarweb.jpg\" class=\"jet-carousel__item-img\" alt=\"grabarweb\" loading=\"lazy\"><\/a><div class=\"jet-carousel__content\"><h5 class=\"jet-carousel__item-title\">Grabar \u00e9tterem<\/h5><div class=\"jet-carousel__item-text\">Rabel\u010dja vas 15a<br>\n2250 Ptuj<br><br><\/div><\/div><\/div>\n<\/div>\n\n<div class=\"jet-carousel__item\">\n\t<div class=\"jet-carousel__item-inner\"><a href=\"#\" class=\"jet-carousel__item-link\" ><img decoding=\"async\" src=\"https:\/\/salonsauvignon.eu\/wp-content\/uploads\/2022\/03\/Panweb.jpg\" class=\"jet-carousel__item-img\" alt=\"Panweb\" loading=\"lazy\"><\/a><div class=\"jet-carousel__content\"><h5 class=\"jet-carousel__item-title\">Ribi\u010d \u00e9tterem<\/h5><div class=\"jet-carousel__item-text\">Vrazov trg 1<br>\n2250 Ptuj<br><br><\/div><\/div><\/div>\n<\/div>\n\n<div class=\"jet-carousel__item\">\n\t<div class=\"jet-carousel__item-inner\"><a href=\"#\" class=\"jet-carousel__item-link\" ><img decoding=\"async\" src=\"https:\/\/salonsauvignon.eu\/wp-content\/uploads\/2022\/03\/Terme.jpg\" class=\"jet-carousel__item-img\" alt=\"Terme\" loading=\"lazy\"><\/a><div class=\"jet-carousel__content\"><h5 class=\"jet-carousel__item-title\">Grand Hotel Primus<\/h5><div class=\"jet-carousel__item-text\">A Toplice 9-es \u00fat<br>\n2250 Ptuj<br><br><\/div><\/div><\/div>\n<\/div>\n<\/div><div class=\"jet-carousel__prev-arrow-f7c7b05 jet-arrow prev-arrow\"><i aria-hidden=\"true\" class=\"fas fa-angle-left\"><\/i><\/div><div class=\"jet-carousel__next-arrow-f7c7b05 jet-arrow next-arrow\"><i aria-hidden=\"true\" class=\"fas fa-angle-right\"><\/i><\/div><\/div>\n<\/div>\n<\/div>\t\t<\/div>\n\t\t\t\t<\/div>\n\t\t\t\t\t<\/div>\n\t\t<\/div>\n\t\t\t\t\t<\/div>\n\t\t<\/section>\n\t\t\t\t<\/div>","protected":false},"excerpt":{"rendered":"<p>Kulin\u00e1ris A szombati nap f\u0151 esem\u00e9nyeit a Dominik\u00e1nus kolostor gy\u00f6ny\u00f6r\u0171 k\u00f6rnyezet\u00e9ben a finom sauvignonok \u00e9s az el\u0151tte l\u00e9v\u0151 Napos parkban a finom st\u00e1jer konyha modern csavarral emelik ki. Egy napra a dominikai komplexumot a kiv\u00e1l\u00f3 \u00e9lvezetek k\u00f6rnyezet\u00e9v\u00e9 alak\u00edtjuk \u00e1t, azon az elven alapulva, hogy a bor kult\u00fara, \u00e9s hogy csak a kiv\u00e1l\u00f3 \u00e9lvezetek kiv\u00e1l\u00f3 kontextusai tartoznak a kiv\u00e1l\u00f3 p\u00e9ld\u00e1nyokhoz. [...]<\/p>","protected":false},"author":4,"featured_media":0,"parent":0,"menu_order":0,"comment_status":"closed","ping_status":"closed","template":"elementor_header_footer","meta":{"footnotes":""},"class_list":["post-5632","page","type-page","status-publish","hentry"],"jetpack_sharing_enabled":true,"_links":{"self":[{"href":"https:\/\/salonsauvignon.eu\/hun\/wp-json\/wp\/v2\/pages\/5632","targetHints":{"allow":["GET"]}}],"collection":[{"href":"https:\/\/salonsauvignon.eu\/hun\/wp-json\/wp\/v2\/pages"}],"about":[{"href":"https:\/\/salonsauvignon.eu\/hun\/wp-json\/wp\/v2\/types\/page"}],"author":[{"embeddable":true,"href":"https:\/\/salonsauvignon.eu\/hun\/wp-json\/wp\/v2\/users\/4"}],"replies":[{"embeddable":true,"href":"https:\/\/salonsauvignon.eu\/hun\/wp-json\/wp\/v2\/comments?post=5632"}],"version-history":[{"count":0,"href":"https:\/\/salonsauvignon.eu\/hun\/wp-json\/wp\/v2\/pages\/5632\/revisions"}],"wp:attachment":[{"href":"https:\/\/salonsauvignon.eu\/hun\/wp-json\/wp\/v2\/media?parent=5632"}],"curies":[{"name":"wp","href":"https:\/\/api.w.org\/{rel}","templated":true}]}}